{"id":2351,"date":"2021-08-06T11:02:42","date_gmt":"2021-08-06T09:02:42","guid":{"rendered":"https:\/\/optik-doenne.de\/?page_id=2351"},"modified":"2024-09-01T13:30:06","modified_gmt":"2024-09-01T11:30:06","slug":"wir-ueber-uns","status":"publish","type":"page","link":"https:\/\/optik-doenne.de\/index.php\/wir-ueber-uns\/","title":{"rendered":"Wir \u00fcber uns"},"content":{"rendered":"\t\t<div data-elementor-type=\"wp-page\" data-elementor-id=\"2351\" class=\"elementor elementor-2351\">\n\t\t\t\t\t\t<section class=\"elementor-section elementor-top-section elementor-element elementor-element-36e3fb97 elementor-section-height-min-height elementor-section-boxed elementor-section-height-default elementor-section-items-middle\" data-id=\"36e3fb97\" data-element_type=\"section\" data-settings=\"{&quot;background_background&quot;:&quot;classic&quot;}\">\n\t\t\t\t\t\t\t<div class=\"elementor-background-overlay\"><\/div>\n\t\t\t\t\t\t\t<div class=\"elementor-container elementor-column-gap-no\">\n\t\t\t\t\t<div class=\"elementor-column elementor-col-100 elementor-top-column elementor-element elementor-element-3a3951d1\" data-id=\"3a3951d1\" data-element_type=\"column\">\n\t\t\t<div class=\"elementor-widget-wrap elementor-element-populated\">\n\t\t\t\t\t\t<div class=\"elementor-element elementor-element-1e7ea759 elementor-widget-divider--view-line elementor-widget elementor-widget-divider\" data-id=\"1e7ea759\" data-element_type=\"widget\" data-widget_type=\"divider.default\">\n\t\t\t\t<div class=\"elementor-widget-container\">\n\t\t\t\t\t\t\t<div class=\"elementor-divider\">\n\t\t\t<span class=\"elementor-divider-separator\">\n\t\t\t\t\t\t<\/span>\n\t\t<\/div>\n\t\t\t\t\t\t<\/div>\n\t\t\t\t<\/div>\n\t\t\t\t\t<\/div>\n\t\t<\/div>\n\t\t\t\t\t<\/div>\n\t\t<\/section>\n\t\t\t\t<section class=\"elementor-section elementor-top-section elementor-element elementor-element-3983f98c elementor-section-full_width elementor-section-height-default elementor-section-height-default\" data-id=\"3983f98c\" data-element_type=\"section\">\n\t\t\t\t\t\t<div class=\"elementor-container elementor-column-gap-no\">\n\t\t\t\t\t<div class=\"elementor-column elementor-col-100 elementor-top-column elementor-element elementor-element-55a0838e\" data-id=\"55a0838e\" data-element_type=\"column\">\n\t\t\t<div class=\"elementor-widget-wrap elementor-element-populated\">\n\t\t\t\t\t\t<div class=\"elementor-element elementor-element-2b3de4aa elementor-widget elementor-widget-heading\" data-id=\"2b3de4aa\" data-element_type=\"widget\" data-widget_type=\"heading.default\">\n\t\t\t\t<div class=\"elementor-widget-container\">\n\t\t\t\t\t<span class=\"elementor-heading-title elementor-size-default\">Keith Keller<\/span>\t\t\t\t<\/div>\n\t\t\t\t<\/div>\n\t\t\t\t\t<\/div>\n\t\t<\/div>\n\t\t\t\t\t<\/div>\n\t\t<\/section>\n\t\t\t\t<section class=\"elementor-section elementor-top-section elementor-element elementor-element-65ce88a4 elementor-section-content-middle elementor-section-boxed elementor-section-height-default elementor-section-height-default\" data-id=\"65ce88a4\" data-element_type=\"section\" data-settings=\"{&quot;background_background&quot;:&quot;classic&quot;}\">\n\t\t\t\t\t\t<div class=\"elementor-container elementor-column-gap-no\">\n\t\t\t\t\t<div class=\"elementor-column elementor-col-50 elementor-top-column elementor-element elementor-element-77bfc011\" data-id=\"77bfc011\" data-element_type=\"column\">\n\t\t\t<div class=\"elementor-widget-wrap elementor-element-populated\">\n\t\t\t\t\t\t<div class=\"elementor-element elementor-element-2e409596 elementor-widget__width-auto elementor-widget-divider--view-line elementor-widget elementor-widget-divider\" data-id=\"2e409596\" data-element_type=\"widget\" data-widget_type=\"divider.default\">\n\t\t\t\t<div class=\"elementor-widget-container\">\n\t\t\t\t\t\t\t<div class=\"elementor-divider\">\n\t\t\t<span class=\"elementor-divider-separator\">\n\t\t\t\t\t\t<\/span>\n\t\t<\/div>\n\t\t\t\t\t\t<\/div>\n\t\t\t\t<\/div>\n\t\t\t\t<div class=\"elementor-element elementor-element-6461b46e elementor-widget__width-auto elementor-widget elementor-widget-heading\" data-id=\"6461b46e\" data-element_type=\"widget\" data-widget_type=\"heading.default\">\n\t\t\t\t<div class=\"elementor-widget-container\">\n\t\t\t\t\t<h6 class=\"elementor-heading-title elementor-size-default\">Gesch\u00e4ftsf\u00fchrer<\/h6>\t\t\t\t<\/div>\n\t\t\t\t<\/div>\n\t\t\t\t<div class=\"elementor-element elementor-element-7f107c6f elementor-widget elementor-widget-heading\" data-id=\"7f107c6f\" data-element_type=\"widget\" data-widget_type=\"heading.default\">\n\t\t\t\t<div class=\"elementor-widget-container\">\n\t\t\t\t\t<h2 class=\"elementor-heading-title elementor-size-default\">Frank D\u00f6nne<\/h2>\t\t\t\t<\/div>\n\t\t\t\t<\/div>\n\t\t\t\t<div class=\"elementor-element elementor-element-43b4b6e5 elementor-widget elementor-widget-text-editor\" data-id=\"43b4b6e5\" data-element_type=\"widget\" data-widget_type=\"text-editor.default\">\n\t\t\t\t<div class=\"elementor-widget-container\">\n\t\t\t\t\t\t\t\t\t<p>Ihre Zufriedenheit liegt mir am Herzen. Daher bieten wir Ihnen in Br\u00fchl handverlesene und exklusive Brillen-Kollektionen an.<br \/>Doch unser Engagement endet nicht mit der typgerechten und bedarfsorientierten Fassungsauswahl. Die entscheidende Grundlage des guten Sehens ist die Brillenglasbestimmung. Hierf\u00fcr nehmen wir uns besonders Zeit und k\u00f6nnen uns mit hervorragendem Fachwissen zus\u00e4tzlich abheben.<\/p><ul><li>Ausbildung zum staatlich gepr. Augenoptiker und Augenoptikermeister in Jena<\/li><li>Es folgen Anstellungen in leitender Position in Lippstadt, Bielefeld und Minden<\/li><li>2003 \u00dcbernahme von Brillenstudio Katzfu\u00df in Br\u00fchl<\/li><li>Nach Umgestaltung und Modernisierung folgt 2007 die Umfirmierung in Optik D\u00f6nne<\/li><li>2016 Umzug in die Uhlstr. 58<\/li><\/ul>\t\t\t\t\t\t\t\t<\/div>\n\t\t\t\t<\/div>\n\t\t\t\t<div class=\"elementor-element elementor-element-58da8262 elementor-widget elementor-widget-heading\" data-id=\"58da8262\" data-element_type=\"widget\" data-widget_type=\"heading.default\">\n\t\t\t\t<div class=\"elementor-widget-container\">\n\t\t\t\t\t<h4 class=\"elementor-heading-title elementor-size-default\">Besuchen Sie uns auch auf Facebook <\/h4>\t\t\t\t<\/div>\n\t\t\t\t<\/div>\n\t\t\t\t<div class=\"elementor-element elementor-element-14ff1422 e-grid-align-left elementor-shape-rounded elementor-grid-0 elementor-widget elementor-widget-social-icons\" data-id=\"14ff1422\" data-element_type=\"widget\" data-widget_type=\"social-icons.default\">\n\t\t\t\t<div class=\"elementor-widget-container\">\n\t\t\t\t\t\t\t<div class=\"elementor-social-icons-wrapper elementor-grid\">\n\t\t\t\t\t\t\t<span class=\"elementor-grid-item\">\n\t\t\t\t\t<a class=\"elementor-icon elementor-social-icon elementor-social-icon-facebook-f elementor-repeater-item-2012364\" href=\"https:\/\/www.facebook.com\/optikdoenne\" target=\"_blank\">\n\t\t\t\t\t\t<span class=\"elementor-screen-only\">Facebook-f<\/span>\n\t\t\t\t\t\t<i class=\"fab fa-facebook-f\"><\/i>\t\t\t\t\t<\/a>\n\t\t\t\t<\/span>\n\t\t\t\t\t<\/div>\n\t\t\t\t\t\t<\/div>\n\t\t\t\t<\/div>\n\t\t\t\t\t<\/div>\n\t\t<\/div>\n\t\t\t\t<div class=\"elementor-column elementor-col-50 elementor-top-column elementor-element elementor-element-1162e9e4\" data-id=\"1162e9e4\" data-element_type=\"column\" data-settings=\"{&quot;background_background&quot;:&quot;classic&quot;}\">\n\t\t\t<div class=\"elementor-widget-wrap elementor-element-populated\">\n\t\t\t\t\t<div class=\"elementor-background-overlay\"><\/div>\n\t\t\t\t\t\t<div class=\"elementor-element elementor-element-4142117e elementor-widget elementor-widget-image\" data-id=\"4142117e\" data-element_type=\"widget\" data-widget_type=\"image.default\">\n\t\t\t\t<div class=\"elementor-widget-container\">\n\t\t\t\t\t\t\t\t\t\t\t\t\t\t\t<img fetchpriority=\"high\" decoding=\"async\" width=\"2284\" height=\"2163\" src=\"https:\/\/optik-doenne.de\/wp-content\/uploads\/2021\/08\/Doenne_Web_06_Ueber-uns.jpg\" class=\"attachment-full size-full wp-image-2353\" alt=\"\" srcset=\"https:\/\/optik-doenne.de\/wp-content\/uploads\/2021\/08\/Doenne_Web_06_Ueber-uns.jpg 2284w, https:\/\/optik-doenne.de\/wp-content\/uploads\/2021\/08\/Doenne_Web_06_Ueber-uns-300x284.jpg 300w, https:\/\/optik-doenne.de\/wp-content\/uploads\/2021\/08\/Doenne_Web_06_Ueber-uns-1024x970.jpg 1024w, https:\/\/optik-doenne.de\/wp-content\/uploads\/2021\/08\/Doenne_Web_06_Ueber-uns-768x727.jpg 768w, https:\/\/optik-doenne.de\/wp-content\/uploads\/2021\/08\/Doenne_Web_06_Ueber-uns-1536x1455.jpg 1536w, https:\/\/optik-doenne.de\/wp-content\/uploads\/2021\/08\/Doenne_Web_06_Ueber-uns-2048x1940.jpg 2048w\" sizes=\"(max-width: 2284px) 100vw, 2284px\" \/>\t\t\t\t\t\t\t\t\t\t\t\t\t\t\t<\/div>\n\t\t\t\t<\/div>\n\t\t\t\t<div class=\"elementor-element elementor-element-79f06a61 elementor-widget elementor-widget-heading\" data-id=\"79f06a61\" data-element_type=\"widget\" data-widget_type=\"heading.default\">\n\t\t\t\t<div class=\"elementor-widget-container\">\n\t\t\t\t\t<h6 class=\"elementor-heading-title elementor-size-default\">Frank D\u00f6nne<\/h6>\t\t\t\t<\/div>\n\t\t\t\t<\/div>\n\t\t\t\t\t<\/div>\n\t\t<\/div>\n\t\t\t\t\t<\/div>\n\t\t<\/section>\n\t\t\t\t<section class=\"elementor-section elementor-top-section elementor-element elementor-element-36b3e593 elementor-section-boxed elementor-section-height-default elementor-section-height-default\" data-id=\"36b3e593\" data-element_type=\"section\">\n\t\t\t\t\t\t<div class=\"elementor-container elementor-column-gap-default\">\n\t\t\t\t\t<div class=\"elementor-column elementor-col-33 elementor-top-column elementor-element elementor-element-6484f782\" data-id=\"6484f782\" data-element_type=\"column\">\n\t\t\t<div class=\"elementor-widget-wrap elementor-element-populated\">\n\t\t\t\t\t\t<div class=\"elementor-element elementor-element-7c960179 elementor-widget elementor-widget-image\" data-id=\"7c960179\" data-element_type=\"widget\" data-widget_type=\"image.default\">\n\t\t\t\t<div class=\"elementor-widget-container\">\n\t\t\t\t\t\t\t\t\t\t\t\t<figure class=\"wp-caption\">\n\t\t\t\t\t\t\t\t\t\t<img decoding=\"async\" width=\"1024\" height=\"682\" src=\"https:\/\/optik-doenne.de\/wp-content\/uploads\/2021\/08\/Der-Tisch-1024x682.jpg\" class=\"attachment-large size-large wp-image-2227\" alt=\"\" srcset=\"https:\/\/optik-doenne.de\/wp-content\/uploads\/2021\/08\/Der-Tisch-1024x682.jpg 1024w, https:\/\/optik-doenne.de\/wp-content\/uploads\/2021\/08\/Der-Tisch-300x200.jpg 300w, https:\/\/optik-doenne.de\/wp-content\/uploads\/2021\/08\/Der-Tisch-768x511.jpg 768w, https:\/\/optik-doenne.de\/wp-content\/uploads\/2021\/08\/Der-Tisch.jpg 1200w\" sizes=\"(max-width: 1024px) 100vw, 1024px\" \/>\t\t\t\t\t\t\t\t\t\t\t<figcaption class=\"widget-image-caption wp-caption-text\">Optik D\u00f6nne Beratung<\/figcaption>\n\t\t\t\t\t\t\t\t\t\t<\/figure>\n\t\t\t\t\t\t\t\t\t<\/div>\n\t\t\t\t<\/div>\n\t\t\t\t\t<\/div>\n\t\t<\/div>\n\t\t\t\t<div class=\"elementor-column elementor-col-33 elementor-top-column elementor-element elementor-element-53470f21\" data-id=\"53470f21\" data-element_type=\"column\">\n\t\t\t<div class=\"elementor-widget-wrap elementor-element-populated\">\n\t\t\t\t\t\t<div class=\"elementor-element elementor-element-20eb79c2 elementor-widget elementor-widget-image\" data-id=\"20eb79c2\" data-element_type=\"widget\" data-widget_type=\"image.default\">\n\t\t\t\t<div class=\"elementor-widget-container\">\n\t\t\t\t\t\t\t\t\t\t\t\t<figure class=\"wp-caption\">\n\t\t\t\t\t\t\t\t\t\t<img decoding=\"async\" width=\"1024\" height=\"683\" src=\"https:\/\/optik-doenne.de\/wp-content\/uploads\/2024\/09\/IMG_5051-2-1-scaled-e1725190191316-1024x683.jpg\" class=\"attachment-large size-large wp-image-2714\" alt=\"\" srcset=\"https:\/\/optik-doenne.de\/wp-content\/uploads\/2024\/09\/IMG_5051-2-1-scaled-e1725190191316-1024x683.jpg 1024w, https:\/\/optik-doenne.de\/wp-content\/uploads\/2024\/09\/IMG_5051-2-1-scaled-e1725190191316-300x200.jpg 300w, https:\/\/optik-doenne.de\/wp-content\/uploads\/2024\/09\/IMG_5051-2-1-scaled-e1725190191316-768x512.jpg 768w, https:\/\/optik-doenne.de\/wp-content\/uploads\/2024\/09\/IMG_5051-2-1-scaled-e1725190191316-1536x1024.jpg 1536w, https:\/\/optik-doenne.de\/wp-content\/uploads\/2024\/09\/IMG_5051-2-1-scaled-e1725190191316-2048x1365.jpg 2048w\" sizes=\"(max-width: 1024px) 100vw, 1024px\" \/>\t\t\t\t\t\t\t\t\t\t\t<figcaption class=\"widget-image-caption wp-caption-text\">Hier messen wir akkurat Ihre Augen aus<\/figcaption>\n\t\t\t\t\t\t\t\t\t\t<\/figure>\n\t\t\t\t\t\t\t\t\t<\/div>\n\t\t\t\t<\/div>\n\t\t\t\t\t<\/div>\n\t\t<\/div>\n\t\t\t\t<div class=\"elementor-column elementor-col-33 elementor-top-column elementor-element elementor-element-584677f9\" data-id=\"584677f9\" data-element_type=\"column\">\n\t\t\t<div class=\"elementor-widget-wrap elementor-element-populated\">\n\t\t\t\t\t\t<div class=\"elementor-element elementor-element-1fbb2cd9 elementor-widget elementor-widget-image\" data-id=\"1fbb2cd9\" data-element_type=\"widget\" data-widget_type=\"image.default\">\n\t\t\t\t<div class=\"elementor-widget-container\">\n\t\t\t\t\t\t\t\t\t\t\t\t<figure class=\"wp-caption\">\n\t\t\t\t\t\t\t\t\t\t<img loading=\"lazy\" decoding=\"async\" width=\"1024\" height=\"682\" src=\"https:\/\/optik-doenne.de\/wp-content\/uploads\/2021\/08\/Praesentationswand-2-1024x682.jpg\" class=\"attachment-large size-large wp-image-2228\" alt=\"\" srcset=\"https:\/\/optik-doenne.de\/wp-content\/uploads\/2021\/08\/Praesentationswand-2-1024x682.jpg 1024w, https:\/\/optik-doenne.de\/wp-content\/uploads\/2021\/08\/Praesentationswand-2-300x200.jpg 300w, https:\/\/optik-doenne.de\/wp-content\/uploads\/2021\/08\/Praesentationswand-2-768x511.jpg 768w, https:\/\/optik-doenne.de\/wp-content\/uploads\/2021\/08\/Praesentationswand-2.jpg 1200w\" sizes=\"(max-width: 1024px) 100vw, 1024px\" \/>\t\t\t\t\t\t\t\t\t\t\t<figcaption class=\"widget-image-caption wp-caption-text\">Unsere umfangreiches Sortiment an Sonnenbrillen<\/figcaption>\n\t\t\t\t\t\t\t\t\t\t<\/figure>\n\t\t\t\t\t\t\t\t\t<\/div>\n\t\t\t\t<\/div>\n\t\t\t\t\t<\/div>\n\t\t<\/div>\n\t\t\t\t\t<\/div>\n\t\t<\/section>\n\t\t\t\t<section class=\"elementor-section elementor-top-section elementor-element elementor-element-59b469bb elementor-section-boxed elementor-section-height-default elementor-section-height-default\" data-id=\"59b469bb\" data-element_type=\"section\" data-settings=\"{&quot;background_background&quot;:&quot;classic&quot;}\">\n\t\t\t\t\t\t\t<div class=\"elementor-background-overlay\"><\/div>\n\t\t\t\t\t\t\t<div class=\"elementor-container elementor-column-gap-no\">\n\t\t\t\t\t<div class=\"elementor-column elementor-col-100 elementor-top-column elementor-element elementor-element-27e5fadb\" data-id=\"27e5fadb\" data-element_type=\"column\">\n\t\t\t<div class=\"elementor-widget-wrap elementor-element-populated\">\n\t\t\t\t\t\t<section class=\"elementor-section elementor-inner-section elementor-element elementor-element-37cde0f4 elementor-section-boxed elementor-section-height-default elementor-section-height-default\" data-id=\"37cde0f4\" data-element_type=\"section\">\n\t\t\t\t\t\t<div class=\"elementor-container elementor-column-gap-default\">\n\t\t\t\t\t<div class=\"elementor-column elementor-col-50 elementor-inner-column elementor-element elementor-element-153a1a37\" data-id=\"153a1a37\" data-element_type=\"column\">\n\t\t\t<div class=\"elementor-widget-wrap elementor-element-populated\">\n\t\t\t\t\t\t<div class=\"elementor-element elementor-element-d8b49ba elementor-widget elementor-widget-image\" data-id=\"d8b49ba\" data-element_type=\"widget\" data-widget_type=\"image.default\">\n\t\t\t\t<div class=\"elementor-widget-container\">\n\t\t\t\t\t\t\t\t\t\t\t\t\t\t\t<img loading=\"lazy\" decoding=\"async\" width=\"600\" height=\"900\" src=\"https:\/\/optik-doenne.de\/wp-content\/uploads\/2021\/08\/Die-liebe-Seele-1.jpg\" class=\"attachment-large size-large wp-image-2355\" alt=\"\" srcset=\"https:\/\/optik-doenne.de\/wp-content\/uploads\/2021\/08\/Die-liebe-Seele-1.jpg 600w, https:\/\/optik-doenne.de\/wp-content\/uploads\/2021\/08\/Die-liebe-Seele-1-200x300.jpg 200w\" sizes=\"(max-width: 600px) 100vw, 600px\" \/>\t\t\t\t\t\t\t\t\t\t\t\t\t\t\t<\/div>\n\t\t\t\t<\/div>\n\t\t\t\t\t<\/div>\n\t\t<\/div>\n\t\t\t\t<div class=\"elementor-column elementor-col-50 elementor-inner-column elementor-element elementor-element-725d9e34\" data-id=\"725d9e34\" data-element_type=\"column\">\n\t\t\t<div class=\"elementor-widget-wrap elementor-element-populated\">\n\t\t\t\t\t\t<div class=\"elementor-element elementor-element-48b3ef49 elementor-widget elementor-widget-heading\" data-id=\"48b3ef49\" data-element_type=\"widget\" data-widget_type=\"heading.default\">\n\t\t\t\t<div class=\"elementor-widget-container\">\n\t\t\t\t\t<h6 class=\"elementor-heading-title elementor-size-default\">Die gute Seele<\/h6>\t\t\t\t<\/div>\n\t\t\t\t<\/div>\n\t\t\t\t<div class=\"elementor-element elementor-element-58e31cdc elementor-widget elementor-widget-heading\" data-id=\"58e31cdc\" data-element_type=\"widget\" data-widget_type=\"heading.default\">\n\t\t\t\t<div class=\"elementor-widget-container\">\n\t\t\t\t\t<h2 class=\"elementor-heading-title elementor-size-default\">Lady<\/h2>\t\t\t\t<\/div>\n\t\t\t\t<\/div>\n\t\t\t\t\t<\/div>\n\t\t<\/div>\n\t\t\t\t\t<\/div>\n\t\t<\/section>\n\t\t\t\t\t<\/div>\n\t\t<\/div>\n\t\t\t\t\t<\/div>\n\t\t<\/section>\n\t\t\t\t<\/div>\n\t\t","protected":false},"excerpt":{"rendered":"<p>Keith Keller Gesch\u00e4ftsf\u00fchrer Frank D\u00f6nne Ihre Zufriedenheit liegt mir am Herzen. Daher bieten wir Ihnen in Br\u00fchl handverlesene und exklusive Brillen-Kollektionen an.Doch unser Engagement endet nicht mit der typgerechten und bedarfsorientierten Fassungsauswahl. Die entscheidende Grundlage des guten Sehens ist die Brillenglasbestimmung. Hierf\u00fcr nehmen wir uns besonders Zeit und k\u00f6nnen uns mit hervorragendem Fachwissen zus\u00e4tzlich abheben. &hellip;<\/p>\n<p class=\"read-more\"> <a class=\"\" href=\"https:\/\/optik-doenne.de\/index.php\/wir-ueber-uns\/\"> <span class=\"screen-reader-text\">Wir \u00fcber uns<\/span> Weiterlesen &raquo;<\/a><\/p>\n","protected":false},"author":3,"featured_media":0,"parent":0,"menu_order":0,"comment_status":"closed","ping_status":"closed","template":"","meta":{"site-sidebar-layout":"no-sidebar","site-content-layout":"page-builder","ast-global-header-display":"","ast-main-header-display":"","ast-hfb-above-header-display":"","ast-hfb-below-header-display":"","ast-hfb-mobile-header-display":"","site-post-title":"disabled","ast-breadcrumbs-content":"","ast-featured-img":"disabled","footer-sml-layout":"","theme-transparent-header-meta":"default","adv-header-id-meta":"","stick-header-meta":"","header-above-stick-meta":"","header-main-stick-meta":"","header-below-stick-meta":"","footnotes":""},"class_list":["post-2351","page","type-page","status-publish","hentry"],"aioseo_notices":[],"_links":{"self":[{"href":"https:\/\/optik-doenne.de\/index.php\/wp-json\/wp\/v2\/pages\/2351","targetHints":{"allow":["GET"]}}],"collection":[{"href":"https:\/\/optik-doenne.de\/index.php\/wp-json\/wp\/v2\/pages"}],"about":[{"href":"https:\/\/optik-doenne.de\/index.php\/wp-json\/wp\/v2\/types\/page"}],"author":[{"embeddable":true,"href":"https:\/\/optik-doenne.de\/index.php\/wp-json\/wp\/v2\/users\/3"}],"replies":[{"embeddable":true,"href":"https:\/\/optik-doenne.de\/index.php\/wp-json\/wp\/v2\/comments?post=2351"}],"version-history":[{"count":13,"href":"https:\/\/optik-doenne.de\/index.php\/wp-json\/wp\/v2\/pages\/2351\/revisions"}],"predecessor-version":[{"id":2717,"href":"https:\/\/optik-doenne.de\/index.php\/wp-json\/wp\/v2\/pages\/2351\/revisions\/2717"}],"wp:attachment":[{"href":"https:\/\/optik-doenne.de\/index.php\/wp-json\/wp\/v2\/media?parent=2351"}],"curies":[{"name":"wp","href":"https:\/\/api.w.org\/{rel}","templated":true}]}}