{"id":2271,"date":"2021-08-06T08:13:17","date_gmt":"2021-08-06T06:13:17","guid":{"rendered":"https:\/\/optik-doenne.de\/?page_id=2271"},"modified":"2021-08-18T13:26:07","modified_gmt":"2021-08-18T11:26:07","slug":"produkte","status":"publish","type":"page","link":"https:\/\/optik-doenne.de\/index.php\/produkte\/","title":{"rendered":"Produkte"},"content":{"rendered":"\t\t<div data-elementor-type=\"wp-page\" data-elementor-id=\"2271\" class=\"elementor elementor-2271\">\n\t\t\t\t\t\t<section class=\"elementor-section elementor-top-section elementor-element elementor-element-22d96dc7 elementor-section-height-min-height elementor-section-boxed elementor-section-height-default elementor-section-items-middle\" data-id=\"22d96dc7\" data-element_type=\"section\" data-settings=\"{&quot;background_background&quot;:&quot;classic&quot;}\">\n\t\t\t\t\t\t\t<div class=\"elementor-background-overlay\"><\/div>\n\t\t\t\t\t\t\t<div class=\"elementor-container elementor-column-gap-no\">\n\t\t\t\t\t<div class=\"elementor-column elementor-col-100 elementor-top-column elementor-element elementor-element-5b51fd4e\" data-id=\"5b51fd4e\" data-element_type=\"column\">\n\t\t\t<div class=\"elementor-widget-wrap elementor-element-populated\">\n\t\t\t\t\t\t<div class=\"elementor-element elementor-element-70af4a28 elementor-widget-divider--view-line elementor-widget elementor-widget-divider\" data-id=\"70af4a28\" data-element_type=\"widget\" data-widget_type=\"divider.default\">\n\t\t\t\t<div class=\"elementor-widget-container\">\n\t\t\t\t\t\t\t<div class=\"elementor-divider\">\n\t\t\t<span class=\"elementor-divider-separator\">\n\t\t\t\t\t\t<\/span>\n\t\t<\/div>\n\t\t\t\t\t\t<\/div>\n\t\t\t\t<\/div>\n\t\t\t\t\t<\/div>\n\t\t<\/div>\n\t\t\t\t\t<\/div>\n\t\t<\/section>\n\t\t\t\t<section class=\"elementor-section elementor-top-section elementor-element elementor-element-56d0ba6e elementor-section-full_width elementor-section-height-default elementor-section-height-default\" data-id=\"56d0ba6e\" data-element_type=\"section\">\n\t\t\t\t\t\t<div class=\"elementor-container elementor-column-gap-no\">\n\t\t\t\t\t<div class=\"elementor-column elementor-col-100 elementor-top-column elementor-element elementor-element-8778145\" data-id=\"8778145\" data-element_type=\"column\">\n\t\t\t<div class=\"elementor-widget-wrap elementor-element-populated\">\n\t\t\t\t\t\t<div class=\"elementor-element elementor-element-5d4c5cb6 elementor-widget elementor-widget-heading\" data-id=\"5d4c5cb6\" data-element_type=\"widget\" data-widget_type=\"heading.default\">\n\t\t\t\t<div class=\"elementor-widget-container\">\n\t\t\t\t\t<span class=\"elementor-heading-title elementor-size-default\">Keith Keller<\/span>\t\t\t\t<\/div>\n\t\t\t\t<\/div>\n\t\t\t\t\t<\/div>\n\t\t<\/div>\n\t\t\t\t\t<\/div>\n\t\t<\/section>\n\t\t\t\t<section class=\"elementor-section elementor-top-section elementor-element elementor-element-786c457a elementor-section-content-middle elementor-section-boxed elementor-section-height-default elementor-section-height-default\" data-id=\"786c457a\" data-element_type=\"section\" data-settings=\"{&quot;background_background&quot;:&quot;classic&quot;}\">\n\t\t\t\t\t\t<div class=\"elementor-container elementor-column-gap-no\">\n\t\t\t\t\t<div class=\"elementor-column elementor-col-50 elementor-top-column elementor-element elementor-element-48d2e12c\" data-id=\"48d2e12c\" data-element_type=\"column\">\n\t\t\t<div class=\"elementor-widget-wrap elementor-element-populated\">\n\t\t\t\t\t\t<div class=\"elementor-element elementor-element-4e36fe1e elementor-widget__width-auto elementor-widget-divider--view-line elementor-widget elementor-widget-divider\" data-id=\"4e36fe1e\" data-element_type=\"widget\" data-widget_type=\"divider.default\">\n\t\t\t\t<div class=\"elementor-widget-container\">\n\t\t\t\t\t\t\t<div class=\"elementor-divider\">\n\t\t\t<span class=\"elementor-divider-separator\">\n\t\t\t\t\t\t<\/span>\n\t\t<\/div>\n\t\t\t\t\t\t<\/div>\n\t\t\t\t<\/div>\n\t\t\t\t<div class=\"elementor-element elementor-element-61116812 elementor-widget elementor-widget-heading\" data-id=\"61116812\" data-element_type=\"widget\" data-widget_type=\"heading.default\">\n\t\t\t\t<div class=\"elementor-widget-container\">\n\t\t\t\t\t<h2 class=\"elementor-heading-title elementor-size-default\">Sonnenbrillen<\/h2>\t\t\t\t<\/div>\n\t\t\t\t<\/div>\n\t\t\t\t<div class=\"elementor-element elementor-element-12084442 elementor-widget elementor-widget-text-editor\" data-id=\"12084442\" data-element_type=\"widget\" data-widget_type=\"text-editor.default\">\n\t\t\t\t<div class=\"elementor-widget-container\">\n\t\t\t\t\t\t\t\t\t<p>Wir bieten Ihnen ausschlie\u00dflich Qualit\u00e4tssonnenbrillen mit 100% UV-Schutz an. Sch\u00fctzen Sie Ihre Augen und die Ihrer Kinder vor den Folgen zu hoher UV-Bestrahlung. Kinderaugen haben keinen nat\u00fcrlichen Schutzmechanismus vor Sonneneinstrahlung.<\/p><p>Gerne informieren wir Sie auch \u00fcber die M\u00f6glichkeiten von Brillen mit Korrektionsverglasung.<\/p>\t\t\t\t\t\t\t\t<\/div>\n\t\t\t\t<\/div>\n\t\t\t\t\t<\/div>\n\t\t<\/div>\n\t\t\t\t<div class=\"elementor-column elementor-col-50 elementor-top-column elementor-element elementor-element-737c6a10\" data-id=\"737c6a10\" data-element_type=\"column\" data-settings=\"{&quot;background_background&quot;:&quot;classic&quot;}\">\n\t\t\t<div class=\"elementor-widget-wrap elementor-element-populated\">\n\t\t\t\t\t<div class=\"elementor-background-overlay\"><\/div>\n\t\t\t\t\t\t<div class=\"elementor-element elementor-element-a2f6c1c elementor-widget elementor-widget-image\" data-id=\"a2f6c1c\" data-element_type=\"widget\" data-widget_type=\"image.default\">\n\t\t\t\t<div class=\"elementor-widget-container\">\n\t\t\t\t\t\t\t\t\t\t\t\t\t\t\t<img fetchpriority=\"high\" decoding=\"async\" width=\"1200\" height=\"799\" src=\"https:\/\/optik-doenne.de\/wp-content\/uploads\/2021\/08\/Praesentationswand-2.jpg\" class=\"attachment-full size-full wp-image-2228\" alt=\"\" srcset=\"https:\/\/optik-doenne.de\/wp-content\/uploads\/2021\/08\/Praesentationswand-2.jpg 1200w, https:\/\/optik-doenne.de\/wp-content\/uploads\/2021\/08\/Praesentationswand-2-300x200.jpg 300w, https:\/\/optik-doenne.de\/wp-content\/uploads\/2021\/08\/Praesentationswand-2-1024x682.jpg 1024w, https:\/\/optik-doenne.de\/wp-content\/uploads\/2021\/08\/Praesentationswand-2-768x511.jpg 768w\" sizes=\"(max-width: 1200px) 100vw, 1200px\" \/>\t\t\t\t\t\t\t\t\t\t\t\t\t\t\t<\/div>\n\t\t\t\t<\/div>\n\t\t\t\t\t<\/div>\n\t\t<\/div>\n\t\t\t\t\t<\/div>\n\t\t<\/section>\n\t\t\t\t<section class=\"elementor-section elementor-top-section elementor-element elementor-element-872dcf2 elementor-section-content-middle elementor-section-boxed elementor-section-height-default elementor-section-height-default\" data-id=\"872dcf2\" data-element_type=\"section\" data-settings=\"{&quot;background_background&quot;:&quot;classic&quot;}\">\n\t\t\t\t\t\t<div class=\"elementor-container elementor-column-gap-no\">\n\t\t\t\t\t<div class=\"elementor-column elementor-col-50 elementor-top-column elementor-element elementor-element-2eccd3da\" data-id=\"2eccd3da\" data-element_type=\"column\">\n\t\t\t<div class=\"elementor-widget-wrap elementor-element-populated\">\n\t\t\t\t\t\t<div class=\"elementor-element elementor-element-1362c31a elementor-widget__width-auto elementor-widget-divider--view-line elementor-widget elementor-widget-divider\" data-id=\"1362c31a\" data-element_type=\"widget\" data-widget_type=\"divider.default\">\n\t\t\t\t<div class=\"elementor-widget-container\">\n\t\t\t\t\t\t\t<div class=\"elementor-divider\">\n\t\t\t<span class=\"elementor-divider-separator\">\n\t\t\t\t\t\t<\/span>\n\t\t<\/div>\n\t\t\t\t\t\t<\/div>\n\t\t\t\t<\/div>\n\t\t\t\t<div class=\"elementor-element elementor-element-4f51e8ba elementor-widget elementor-widget-heading\" data-id=\"4f51e8ba\" data-element_type=\"widget\" data-widget_type=\"heading.default\">\n\t\t\t\t<div class=\"elementor-widget-container\">\n\t\t\t\t\t<h2 class=\"elementor-heading-title elementor-size-default\">Gl\u00e4ser<\/h2>\t\t\t\t<\/div>\n\t\t\t\t<\/div>\n\t\t\t\t<div class=\"elementor-element elementor-element-7d5a886d elementor-widget elementor-widget-text-editor\" data-id=\"7d5a886d\" data-element_type=\"widget\" data-widget_type=\"text-editor.default\">\n\t\t\t\t<div class=\"elementor-widget-container\">\n\t\t\t\t\t\t\t\t\t<p>Auch bei unserem Glaslieferanten gehen wir keine Kompromisse ein. Unser Partner <a href=\"https:\/\/www.rh-brillenglas.de\/\" target=\"_blank\" rel=\"noopener\">Rupp und Hubrach<\/a> ist eines der innovativsten Unternehmen in seiner Branche und vielfach ausgezeichnet. Unser Zulieferer ist f\u00fchrend in der Verglasungstechnologie f\u00fcr Sportbrillen sowie der Weiterentwicklung von Einst\u00e4rken und Gleitsichtgl\u00e4sern.<\/p>\t\t\t\t\t\t\t\t<\/div>\n\t\t\t\t<\/div>\n\t\t\t\t\t<\/div>\n\t\t<\/div>\n\t\t\t\t<div class=\"elementor-column elementor-col-50 elementor-top-column elementor-element elementor-element-36cb0016\" data-id=\"36cb0016\" data-element_type=\"column\" data-settings=\"{&quot;background_background&quot;:&quot;classic&quot;}\">\n\t\t\t<div class=\"elementor-widget-wrap elementor-element-populated\">\n\t\t\t\t\t<div class=\"elementor-background-overlay\"><\/div>\n\t\t\t\t\t\t<div class=\"elementor-element elementor-element-74ae5989 elementor-widget elementor-widget-image\" data-id=\"74ae5989\" data-element_type=\"widget\" data-widget_type=\"image.default\">\n\t\t\t\t<div class=\"elementor-widget-container\">\n\t\t\t\t\t\t\t\t\t\t\t\t\t\t\t<img decoding=\"async\" width=\"800\" height=\"400\" src=\"https:\/\/optik-doenne.de\/wp-content\/uploads\/2021\/08\/glaeser.jpg\" class=\"attachment-full size-full wp-image-2280\" alt=\"\" srcset=\"https:\/\/optik-doenne.de\/wp-content\/uploads\/2021\/08\/glaeser.jpg 800w, https:\/\/optik-doenne.de\/wp-content\/uploads\/2021\/08\/glaeser-300x150.jpg 300w, https:\/\/optik-doenne.de\/wp-content\/uploads\/2021\/08\/glaeser-768x384.jpg 768w\" sizes=\"(max-width: 800px) 100vw, 800px\" \/>\t\t\t\t\t\t\t\t\t\t\t\t\t\t\t<\/div>\n\t\t\t\t<\/div>\n\t\t\t\t<div class=\"elementor-element elementor-element-43db89a5 elementor-widget elementor-widget-image\" data-id=\"43db89a5\" data-element_type=\"widget\" data-widget_type=\"image.default\">\n\t\t\t\t<div class=\"elementor-widget-container\">\n\t\t\t\t\t\t\t\t\t\t\t\t\t\t\t<img decoding=\"async\" width=\"650\" height=\"458\" src=\"https:\/\/optik-doenne.de\/wp-content\/uploads\/2021\/08\/glaeser_doenne_2.jpg\" class=\"attachment-full size-full wp-image-2281\" alt=\"\" srcset=\"https:\/\/optik-doenne.de\/wp-content\/uploads\/2021\/08\/glaeser_doenne_2.jpg 650w, https:\/\/optik-doenne.de\/wp-content\/uploads\/2021\/08\/glaeser_doenne_2-300x211.jpg 300w\" sizes=\"(max-width: 650px) 100vw, 650px\" \/>\t\t\t\t\t\t\t\t\t\t\t\t\t\t\t<\/div>\n\t\t\t\t<\/div>\n\t\t\t\t<div class=\"elementor-element elementor-element-3703c6b7 elementor-widget elementor-widget-image\" data-id=\"3703c6b7\" data-element_type=\"widget\" data-widget_type=\"image.default\">\n\t\t\t\t<div class=\"elementor-widget-container\">\n\t\t\t\t\t\t\t\t\t\t\t\t\t\t\t<img loading=\"lazy\" decoding=\"async\" width=\"942\" height=\"1024\" src=\"https:\/\/optik-doenne.de\/wp-content\/uploads\/2021\/08\/834c5ad6-c3f9-4cc1-907f-8ec87159436f.jpg\" class=\"attachment-full size-full wp-image-2500\" alt=\"\" srcset=\"https:\/\/optik-doenne.de\/wp-content\/uploads\/2021\/08\/834c5ad6-c3f9-4cc1-907f-8ec87159436f.jpg 942w, https:\/\/optik-doenne.de\/wp-content\/uploads\/2021\/08\/834c5ad6-c3f9-4cc1-907f-8ec87159436f-276x300.jpg 276w, https:\/\/optik-doenne.de\/wp-content\/uploads\/2021\/08\/834c5ad6-c3f9-4cc1-907f-8ec87159436f-768x835.jpg 768w\" sizes=\"(max-width: 942px) 100vw, 942px\" \/>\t\t\t\t\t\t\t\t\t\t\t\t\t\t\t<\/div>\n\t\t\t\t<\/div>\n\t\t\t\t\t<\/div>\n\t\t<\/div>\n\t\t\t\t\t<\/div>\n\t\t<\/section>\n\t\t\t\t<section class=\"elementor-section elementor-top-section elementor-element elementor-element-6de2738 elementor-section-content-middle elementor-section-boxed elementor-section-height-default elementor-section-height-default\" data-id=\"6de2738\" data-element_type=\"section\" data-settings=\"{&quot;background_background&quot;:&quot;classic&quot;}\">\n\t\t\t\t\t\t<div class=\"elementor-container elementor-column-gap-no\">\n\t\t\t\t\t<div class=\"elementor-column elementor-col-50 elementor-top-column elementor-element elementor-element-3a5ddcfb\" data-id=\"3a5ddcfb\" data-element_type=\"column\">\n\t\t\t<div class=\"elementor-widget-wrap elementor-element-populated\">\n\t\t\t\t\t\t<div class=\"elementor-element elementor-element-712b603e elementor-widget__width-auto elementor-widget-divider--view-line elementor-widget elementor-widget-divider\" data-id=\"712b603e\" data-element_type=\"widget\" data-widget_type=\"divider.default\">\n\t\t\t\t<div class=\"elementor-widget-container\">\n\t\t\t\t\t\t\t<div class=\"elementor-divider\">\n\t\t\t<span class=\"elementor-divider-separator\">\n\t\t\t\t\t\t<\/span>\n\t\t<\/div>\n\t\t\t\t\t\t<\/div>\n\t\t\t\t<\/div>\n\t\t\t\t<div class=\"elementor-element elementor-element-7f25da94 elementor-widget elementor-widget-heading\" data-id=\"7f25da94\" data-element_type=\"widget\" data-widget_type=\"heading.default\">\n\t\t\t\t<div class=\"elementor-widget-container\">\n\t\t\t\t\t<h2 class=\"elementor-heading-title elementor-size-default\">Kontaktlinsen <\/h2>\t\t\t\t<\/div>\n\t\t\t\t<\/div>\n\t\t\t\t<div class=\"elementor-element elementor-element-5a491e1a elementor-widget elementor-widget-text-editor\" data-id=\"5a491e1a\" data-element_type=\"widget\" data-widget_type=\"text-editor.default\">\n\t\t\t\t<div class=\"elementor-widget-container\">\n\t\t\t\t\t\t\t\t\t<p>Optik D\u00f6nne bietet f\u00fcr jede Gelegenheit und Fehlsichtigkeit den richtigen Vorschlag.<\/p><p>Nicht die schnelle, sondern die Beste und f\u00fcr Ihre Augen vertr\u00e4glichste L\u00f6sung wird f\u00fcr Sie gefunden.<\/p><p>Nur der Kontaktlinsenspezialist kann den Tragekomfort und das optimale Sitzverhalten der Linsen beurteilen.<\/p><p>Als staatlich gepr\u00fcfter Augenoptiker und Augenoptikermeister garantiere ich bei jeder Anpassung ein beschwerdefreies Tragevergn\u00fcgen.<\/p><p>Mit dem Kauf der Kontaktlinsen haben unsere Kunden immer die M\u00f6glichkeit der kostenlosen Nachkontrolle. Ebenfalls kostenlos ist der Ersatz einzelner Tauschlinsen bei Besch\u00e4digung.<\/p><p>Werden Sie auch ein zufriedener Kontaktlinsentr\u00e4ger \u2013 kommen Sie zu uns.<\/p>\t\t\t\t\t\t\t\t<\/div>\n\t\t\t\t<\/div>\n\t\t\t\t\t<\/div>\n\t\t<\/div>\n\t\t\t\t<div class=\"elementor-column elementor-col-50 elementor-top-column elementor-element elementor-element-56c1e55\" data-id=\"56c1e55\" data-element_type=\"column\" data-settings=\"{&quot;background_background&quot;:&quot;classic&quot;}\">\n\t\t\t<div class=\"elementor-widget-wrap elementor-element-populated\">\n\t\t\t\t\t<div class=\"elementor-background-overlay\"><\/div>\n\t\t\t\t\t\t<div class=\"elementor-element elementor-element-3d73e189 elementor-widget elementor-widget-image\" data-id=\"3d73e189\" data-element_type=\"widget\" data-widget_type=\"image.default\">\n\t\t\t\t<div class=\"elementor-widget-container\">\n\t\t\t\t\t\t\t\t\t\t\t\t\t\t\t<img loading=\"lazy\" decoding=\"async\" width=\"800\" height=\"400\" src=\"https:\/\/optik-doenne.de\/wp-content\/uploads\/2021\/08\/kontaktlinsen.jpg\" class=\"attachment-full size-full wp-image-2283\" alt=\"\" srcset=\"https:\/\/optik-doenne.de\/wp-content\/uploads\/2021\/08\/kontaktlinsen.jpg 800w, https:\/\/optik-doenne.de\/wp-content\/uploads\/2021\/08\/kontaktlinsen-300x150.jpg 300w, https:\/\/optik-doenne.de\/wp-content\/uploads\/2021\/08\/kontaktlinsen-768x384.jpg 768w\" sizes=\"(max-width: 800px) 100vw, 800px\" \/>\t\t\t\t\t\t\t\t\t\t\t\t\t\t\t<\/div>\n\t\t\t\t<\/div>\n\t\t\t\t\t<\/div>\n\t\t<\/div>\n\t\t\t\t\t<\/div>\n\t\t<\/section>\n\t\t\t\t<section class=\"elementor-section elementor-top-section elementor-element elementor-element-151fbdbe elementor-section-boxed elementor-section-height-default elementor-section-height-default\" data-id=\"151fbdbe\" data-element_type=\"section\">\n\t\t\t\t\t\t<div class=\"elementor-container elementor-column-gap-default\">\n\t\t\t\t\t<div class=\"elementor-column elementor-col-100 elementor-top-column elementor-element elementor-element-16b9be49\" data-id=\"16b9be49\" data-element_type=\"column\">\n\t\t\t<div class=\"elementor-widget-wrap elementor-element-populated\">\n\t\t\t\t\t\t<div class=\"elementor-element elementor-element-403196ab elementor-widget elementor-widget-heading\" data-id=\"403196ab\" data-element_type=\"widget\" data-widget_type=\"heading.default\">\n\t\t\t\t<div class=\"elementor-widget-container\">\n\t\t\t\t\t<h2 class=\"elementor-heading-title elementor-size-default\">Schie\u00dfbrille f\u00fcr Sch\u00fctzen \u2013 Sportsch\u00fctzenbrillen in Br\u00fchl <\/h2>\t\t\t\t<\/div>\n\t\t\t\t<\/div>\n\t\t\t\t<div class=\"elementor-element elementor-element-40fd3796 elementor-widget elementor-widget-image\" data-id=\"40fd3796\" data-element_type=\"widget\" data-widget_type=\"image.default\">\n\t\t\t\t<div class=\"elementor-widget-container\">\n\t\t\t\t\t\t\t\t\t\t\t\t\t\t\t<img loading=\"lazy\" decoding=\"async\" width=\"1171\" height=\"526\" src=\"https:\/\/optik-doenne.de\/wp-content\/uploads\/2021\/08\/header_sportschuetzen_neu.jpg\" class=\"attachment-full size-full wp-image-2284\" alt=\"\" srcset=\"https:\/\/optik-doenne.de\/wp-content\/uploads\/2021\/08\/header_sportschuetzen_neu.jpg 1171w, https:\/\/optik-doenne.de\/wp-content\/uploads\/2021\/08\/header_sportschuetzen_neu-300x135.jpg 300w, https:\/\/optik-doenne.de\/wp-content\/uploads\/2021\/08\/header_sportschuetzen_neu-1024x460.jpg 1024w, https:\/\/optik-doenne.de\/wp-content\/uploads\/2021\/08\/header_sportschuetzen_neu-768x345.jpg 768w\" sizes=\"(max-width: 1171px) 100vw, 1171px\" \/>\t\t\t\t\t\t\t\t\t\t\t\t\t\t\t<\/div>\n\t\t\t\t<\/div>\n\t\t\t\t\t<\/div>\n\t\t<\/div>\n\t\t\t\t\t<\/div>\n\t\t<\/section>\n\t\t\t\t<section class=\"elementor-section elementor-top-section elementor-element elementor-element-54b62890 elementor-section-content-middle elementor-section-boxed elementor-section-height-default elementor-section-height-default\" data-id=\"54b62890\" data-element_type=\"section\" data-settings=\"{&quot;background_background&quot;:&quot;classic&quot;}\">\n\t\t\t\t\t\t<div class=\"elementor-container elementor-column-gap-no\">\n\t\t\t\t\t<div class=\"elementor-column elementor-col-50 elementor-top-column elementor-element elementor-element-56e19f78\" data-id=\"56e19f78\" data-element_type=\"column\">\n\t\t\t<div class=\"elementor-widget-wrap elementor-element-populated\">\n\t\t\t\t\t\t<div class=\"elementor-element elementor-element-483e3798 elementor-widget__width-auto elementor-widget-divider--view-line elementor-widget elementor-widget-divider\" data-id=\"483e3798\" data-element_type=\"widget\" data-widget_type=\"divider.default\">\n\t\t\t\t<div class=\"elementor-widget-container\">\n\t\t\t\t\t\t\t<div class=\"elementor-divider\">\n\t\t\t<span class=\"elementor-divider-separator\">\n\t\t\t\t\t\t<\/span>\n\t\t<\/div>\n\t\t\t\t\t\t<\/div>\n\t\t\t\t<\/div>\n\t\t\t\t<div class=\"elementor-element elementor-element-34d6a857 elementor-widget elementor-widget-text-editor\" data-id=\"34d6a857\" data-element_type=\"widget\" data-widget_type=\"text-editor.default\">\n\t\t\t\t<div class=\"elementor-widget-container\">\n\t\t\t\t\t\t\t\t\t<p>Seit vielen Jahren ist Optik D\u00f6nne als qualifizierter Augenoptiker im Bereich Schie\u00dfsport t\u00e4tig. Als einer der wenigen Augenoptiker im Kreis Bergheim besuchen wir Schie\u00dfst\u00e4nde, um den Feinabgleich mit dem Sportsch\u00fctzen vor Ort zu erarbeiten. Das hei\u00dft, die Brillenglasbestimmung erfolgt zuerst im Gesch\u00e4ft und der Feinschliff erfolgt am Stand. Qualifiziert durch ein Schie\u00dfbrillenseminar bei Knobloch in Karlsruhe und jahrelanger Erfahrung ist er der erste Ansprechpartner, wenn es um das gute Sehen im Schie\u00dfsport geht.<\/p><p>Nat\u00fcrlich kann man auch die komplette Schie\u00dfbrille und das entsprechende Zubeh\u00f6r bei Optik D\u00f6nne erstehen. Viele Sportsch\u00fctzen vertrauen auf uns, denn wenn das Sehen nicht funktioniert n\u00fctzt auch das beste Equipment nichts.<\/p>\t\t\t\t\t\t\t\t<\/div>\n\t\t\t\t<\/div>\n\t\t\t\t\t<\/div>\n\t\t<\/div>\n\t\t\t\t<div class=\"elementor-column elementor-col-50 elementor-top-column elementor-element elementor-element-110115aa\" data-id=\"110115aa\" data-element_type=\"column\">\n\t\t\t<div class=\"elementor-widget-wrap elementor-element-populated\">\n\t\t\t\t\t\t<div class=\"elementor-element elementor-element-df87222 elementor-widget__width-auto elementor-widget-divider--view-line elementor-widget elementor-widget-divider\" data-id=\"df87222\" data-element_type=\"widget\" data-widget_type=\"divider.default\">\n\t\t\t\t<div class=\"elementor-widget-container\">\n\t\t\t\t\t\t\t<div class=\"elementor-divider\">\n\t\t\t<span class=\"elementor-divider-separator\">\n\t\t\t\t\t\t<\/span>\n\t\t<\/div>\n\t\t\t\t\t\t<\/div>\n\t\t\t\t<\/div>\n\t\t\t\t<div class=\"elementor-element elementor-element-753fbfc2 elementor-widget elementor-widget-heading\" data-id=\"753fbfc2\" data-element_type=\"widget\" data-widget_type=\"heading.default\">\n\t\t\t\t<div class=\"elementor-widget-container\">\n\t\t\t\t\t<h2 class=\"elementor-heading-title elementor-size-default\">Warum Schie\u00dfbrillen von Knobloch?<\/h2>\t\t\t\t<\/div>\n\t\t\t\t<\/div>\n\t\t\t\t<div class=\"elementor-element elementor-element-31492ccf elementor-widget elementor-widget-text-editor\" data-id=\"31492ccf\" data-element_type=\"widget\" data-widget_type=\"text-editor.default\">\n\t\t\t\t<div class=\"elementor-widget-container\">\n\t\t\t\t\t\t\t\t\t<p>Nat\u00fcrlich hat jeder Sportsch\u00fctze seine Lieblingsbrille oder Favoriten. Knobloch-Schie\u00dfbrillen zeichnen sich durch Stabilit\u00e4t und Einfachheit in der Funktion aus, Schnickschnack ist da nicht gefragt. Kauft ein Sch\u00fctze eine Knobloch h\u00e4lt diese in der Regel ewig. \u00dcberzeugen Sie sich selbst von der Qualit\u00e4t.<\/p>\t\t\t\t\t\t\t\t<\/div>\n\t\t\t\t<\/div>\n\t\t\t\t<div class=\"elementor-element elementor-element-42ef0398 elementor-widget elementor-widget-testimonial\" data-id=\"42ef0398\" data-element_type=\"widget\" data-widget_type=\"testimonial.default\">\n\t\t\t\t<div class=\"elementor-widget-container\">\n\t\t\t\t\t\t\t<div class=\"elementor-testimonial-wrapper\">\n\t\t\t\t\t\t\t<div class=\"elementor-testimonial-content\">\"Ich habe schon unterschiedlichste Schie\u00dfbrillen in der Hand gehabt und ich muss sagen, eine Knobloch-Schie\u00dfbrille ist wie eine sch\u00f6ne alte Miele Waschmaschine: Robust, hochwertig und gleichbleibend in der Qualit\u00e4t. Wenn Neuerungen n\u00f6tig sind, werden sie umgesetzt.\"<\/div>\n\t\t\t\n\t\t\t\t\t\t<div class=\"elementor-testimonial-meta elementor-has-image elementor-testimonial-image-position-aside\">\n\t\t\t\t<div class=\"elementor-testimonial-meta-inner\">\n\t\t\t\t\t\t\t\t\t\t\t<div class=\"elementor-testimonial-image\">\n\t\t\t\t\t\t\t<img loading=\"lazy\" decoding=\"async\" width=\"567\" height=\"567\" src=\"https:\/\/optik-doenne.de\/wp-content\/uploads\/2021\/08\/FD_Portrait_567web.jpg\" class=\"attachment-full size-full wp-image-2285\" alt=\"\" srcset=\"https:\/\/optik-doenne.de\/wp-content\/uploads\/2021\/08\/FD_Portrait_567web.jpg 567w, https:\/\/optik-doenne.de\/wp-content\/uploads\/2021\/08\/FD_Portrait_567web-300x300.jpg 300w, https:\/\/optik-doenne.de\/wp-content\/uploads\/2021\/08\/FD_Portrait_567web-150x150.jpg 150w\" sizes=\"(max-width: 567px) 100vw, 567px\" \/>\t\t\t\t\t\t<\/div>\n\t\t\t\t\t\n\t\t\t\t\t\t\t\t\t\t<div class=\"elementor-testimonial-details\">\n\t\t\t\t\t\t\t\t\t\t\t\t\t\t<div class=\"elementor-testimonial-name\">Frank D\u00f6nne<\/div>\n\t\t\t\t\t\t\t\t\t\t\t\t\t\t\t\t\t\t\t\t\t\t<div class=\"elementor-testimonial-job\">Optikermeister<\/div>\n\t\t\t\t\t\t\t\t\t\t\t\t\t<\/div>\n\t\t\t\t\t\t\t\t\t<\/div>\n\t\t\t<\/div>\n\t\t\t\t\t<\/div>\n\t\t\t\t\t\t<\/div>\n\t\t\t\t<\/div>\n\t\t\t\t<div class=\"elementor-element elementor-element-4d8f5fbf elementor-widget elementor-widget-text-editor\" data-id=\"4d8f5fbf\" data-element_type=\"widget\" data-widget_type=\"text-editor.default\">\n\t\t\t\t<div class=\"elementor-widget-container\">\n\t\t\t\t\t\t\t\t\t<p><strong>Hinweis: Schie\u00dfbrillen anderer Hersteller werden nat\u00fcrlich auch verglast.<\/strong><\/p>\t\t\t\t\t\t\t\t<\/div>\n\t\t\t\t<\/div>\n\t\t\t\t\t<\/div>\n\t\t<\/div>\n\t\t\t\t\t<\/div>\n\t\t<\/section>\n\t\t\t\t<\/div>\n\t\t","protected":false},"excerpt":{"rendered":"<p>Keith Keller Sonnenbrillen Wir bieten Ihnen ausschlie\u00dflich Qualit\u00e4tssonnenbrillen mit 100% UV-Schutz an. Sch\u00fctzen Sie Ihre Augen und die Ihrer Kinder vor den Folgen zu hoher UV-Bestrahlung. Kinderaugen haben keinen nat\u00fcrlichen Schutzmechanismus vor Sonneneinstrahlung. Gerne informieren wir Sie auch \u00fcber die M\u00f6glichkeiten von Brillen mit Korrektionsverglasung. Gl\u00e4ser Auch bei unserem Glaslieferanten gehen wir keine Kompromisse ein. &hellip;<\/p>\n<p class=\"read-more\"> <a class=\"\" href=\"https:\/\/optik-doenne.de\/index.php\/produkte\/\"> <span class=\"screen-reader-text\">Produkte<\/span> Weiterlesen &raquo;<\/a><\/p>\n","protected":false},"author":3,"featured_media":0,"parent":0,"menu_order":0,"comment_status":"closed","ping_status":"closed","template":"elementor_theme","meta":{"site-sidebar-layout":"no-sidebar","site-content-layout":"page-builder","ast-global-header-display":"","ast-main-header-display":"","ast-hfb-above-header-display":"","ast-hfb-below-header-display":"","ast-hfb-mobile-header-display":"","site-post-title":"disabled","ast-breadcrumbs-content":"","ast-featured-img":"disabled","footer-sml-layout":"","theme-transparent-header-meta":"default","adv-header-id-meta":"","stick-header-meta":"","header-above-stick-meta":"","header-main-stick-meta":"","header-below-stick-meta":"","footnotes":""},"class_list":["post-2271","page","type-page","status-publish","hentry"],"aioseo_notices":[],"_links":{"self":[{"href":"https:\/\/optik-doenne.de\/index.php\/wp-json\/wp\/v2\/pages\/2271","targetHints":{"allow":["GET"]}}],"collection":[{"href":"https:\/\/optik-doenne.de\/index.php\/wp-json\/wp\/v2\/pages"}],"about":[{"href":"https:\/\/optik-doenne.de\/index.php\/wp-json\/wp\/v2\/types\/page"}],"author":[{"embeddable":true,"href":"https:\/\/optik-doenne.de\/index.php\/wp-json\/wp\/v2\/users\/3"}],"replies":[{"embeddable":true,"href":"https:\/\/optik-doenne.de\/index.php\/wp-json\/wp\/v2\/comments?post=2271"}],"version-history":[{"count":11,"href":"https:\/\/optik-doenne.de\/index.php\/wp-json\/wp\/v2\/pages\/2271\/revisions"}],"predecessor-version":[{"id":2503,"href":"https:\/\/optik-doenne.de\/index.php\/wp-json\/wp\/v2\/pages\/2271\/revisions\/2503"}],"wp:attachment":[{"href":"https:\/\/optik-doenne.de\/index.php\/wp-json\/wp\/v2\/media?parent=2271"}],"curies":[{"name":"wp","href":"https:\/\/api.w.org\/{rel}","templated":true}]}}